{"id":2546,"date":"2020-09-28T11:20:42","date_gmt":"2020-09-28T13:20:42","guid":{"rendered":"https:\/\/avocado.queenvictory.lt\/?page_id=2546"},"modified":"2020-10-16T04:42:04","modified_gmt":"2020-10-16T06:42:04","slug":"cart","status":"publish","type":"page","link":"https:\/\/avocado.queenvictory.lt\/?page_id=2546","title":{"rendered":"Krep\u0161elis"},"content":{"rendered":"<div class=\"woocommerce\"><div class=\"text-center pt pb\">\n\t<div class=\"woocommerce-notices-wrapper\"><\/div><div class=\"wc-empty-cart-message\">\n\t<div class=\"woocommerce-info message-wrapper\" role=\"status\">\n\t\t<div class=\"message-container container medium-text-center\">\n\t\t\tKrep\u0161elis dar tu\u0161\u010dias.\t\t<\/div>\n\t<\/div>\n\t<\/div>\t\t<p class=\"return-to-shop\">\n\t\t\t<a class=\"button primary wc-backward\" href=\"https:\/\/avocado.queenvictory.lt\/\">\n\t\t\t\tGr\u012f\u017eti \u012f parduotuv\u0119\t\t\t<\/a>\n\t\t<\/p>\n\t<\/div>\n<\/div>\n","protected":false},"excerpt":{"rendered":"","protected":false},"author":39,"featured_media":0,"parent":0,"menu_order":0,"comment_status":"closed","ping_status":"closed","template":"","meta":{"footnotes":""},"class_list":["post-2546","page","type-page","status-publish","hentry"],"_links":{"self":[{"href":"https:\/\/avocado.queenvictory.lt\/index.php?rest_route=\/wp\/v2\/pages\/2546","targetHints":{"allow":["GET"]}}],"collection":[{"href":"https:\/\/avocado.queenvictory.lt\/index.php?rest_route=\/wp\/v2\/pages"}],"about":[{"href":"https:\/\/avocado.queenvictory.lt\/index.php?rest_route=\/wp\/v2\/types\/page"}],"author":[{"embeddable":true,"href":"https:\/\/avocado.queenvictory.lt\/index.php?rest_route=\/wp\/v2\/users\/39"}],"replies":[{"embeddable":true,"href":"https:\/\/avocado.queenvictory.lt\/index.php?rest_route=%2Fwp%2Fv2%2Fcomments&post=2546"}],"version-history":[{"count":0,"href":"https:\/\/avocado.queenvictory.lt\/index.php?rest_route=\/wp\/v2\/pages\/2546\/revisions"}],"wp:attachment":[{"href":"https:\/\/avocado.queenvictory.lt\/index.php?rest_route=%2Fwp%2Fv2%2Fmedia&parent=2546"}],"curies":[{"name":"wp","href":"https:\/\/api.w.org\/{rel}","templated":true}]}}